{"id":5965,"date":"2024-06-07T12:41:07","date_gmt":"2024-06-07T16:41:07","guid":{"rendered":"https:\/\/howellthornhill.com\/abogados-de-accidentes-automovilisticos-en-winter-haven\/"},"modified":"2024-06-20T17:17:31","modified_gmt":"2024-06-20T21:17:31","slug":"abogados-de-accidentes-automovilisticos-en-winter-haven","status":"publish","type":"page","link":"https:\/\/howellthornhill.com\/es\/abogados-de-accidentes-automovilisticos-en-winter-haven\/","title":{"rendered":"Abogados de accidentes automovil\u00edsticos en Winter Haven"},"content":{"rendered":"","protected":false},"excerpt":{"rendered":"<p>&#8230;<\/p>\n","protected":false},"author":3,"featured_media":0,"parent":0,"menu_order":0,"comment_status":"closed","ping_status":"closed","template":"","meta":{"_acf_changed":false,"footnotes":""},"class_list":["post-5965","page","type-page","status-publish","hentry"],"acf":[],"yoast_head":"<!-- This site is optimized with the Yoast SEO plugin v27.2 - https:\/\/yoast.com\/product\/yoast-seo-wordpress\/ -->\n<title>Abogados de accidentes automovil\u00edsticos en Winter Haven | Abogados de accidentes automovil\u00edsticos cerca de m\u00ed en Winter Haven, FL | Bufete de abogados para demandas por lesiones por accidentes automovil\u00edsticos en Winter Haven, Florida<\/title>\n<meta name=\"description\" content=\"Comun\u00edquese hoy con los abogados de accidentes automovil\u00edsticos de Winter Haven, FL en Howell &amp; Thornhill para programar una consulta gratuita.\" \/>\n<meta name=\"robots\" content=\"index, follow, max-snippet:-1, max-image-preview:large, max-video-preview:-1\" \/>\n<link rel=\"canonical\" href=\"https:\/\/howellthornhill.com\/es\/abogados-de-accidentes-automovilisticos-en-winter-haven\/\" \/>\n<meta property=\"og:locale\" content=\"es_ES\" \/>\n<meta property=\"og:type\" content=\"article\" \/>\n<meta property=\"og:title\" content=\"Abogados de accidentes automovil\u00edsticos en Winter Haven | Abogados de accidentes automovil\u00edsticos cerca de m\u00ed en Winter Haven, FL | Bufete de abogados para demandas por lesiones por accidentes automovil\u00edsticos en Winter Haven, Florida\" \/>\n<meta property=\"og:description\" content=\"Comun\u00edquese hoy con los abogados de accidentes automovil\u00edsticos de Winter Haven, FL en Howell &amp; Thornhill para programar una consulta gratuita.\" \/>\n<meta property=\"og:url\" content=\"https:\/\/howellthornhill.com\/es\/abogados-de-accidentes-automovilisticos-en-winter-haven\/\" \/>\n<meta property=\"og:site_name\" content=\"Howell &amp; Thornhill\" \/>\n<meta property=\"article:modified_time\" content=\"2024-06-20T21:17:31+00:00\" \/>\n<meta property=\"og:image\" content=\"https:\/\/howellthornhill.com\/wp-content\/uploads\/2024\/02\/ht-color-e1711408919946.png\" \/>\n\t<meta property=\"og:image:width\" content=\"800\" \/>\n\t<meta property=\"og:image:height\" content=\"309\" \/>\n\t<meta property=\"og:image:type\" content=\"image\/png\" \/>\n<meta name=\"twitter:card\" content=\"summary_large_image\" \/>\n<script type=\"application\/ld+json\" class=\"yoast-schema-graph\">{\"@context\":\"https:\/\/schema.org\",\"@graph\":[{\"@type\":\"WebPage\",\"@id\":\"https:\/\/howellthornhill.com\/es\/abogados-de-accidentes-automovilisticos-en-winter-haven\/\",\"url\":\"https:\/\/howellthornhill.com\/es\/abogados-de-accidentes-automovilisticos-en-winter-haven\/\",\"name\":\"Abogados de accidentes automovil\u00edsticos en Winter Haven | Abogados de accidentes automovil\u00edsticos cerca de m\u00ed en Winter Haven, FL | Bufete de abogados para demandas por lesiones por accidentes automovil\u00edsticos en Winter Haven, Florida\",\"isPartOf\":{\"@id\":\"https:\/\/howellthornhill.com\/es\/#website\"},\"datePublished\":\"2024-06-07T16:41:07+00:00\",\"dateModified\":\"2024-06-20T21:17:31+00:00\",\"description\":\"Comun\u00edquese hoy con los abogados de accidentes automovil\u00edsticos de Winter Haven, FL en Howell & Thornhill para programar una consulta gratuita.\",\"breadcrumb\":{\"@id\":\"https:\/\/howellthornhill.com\/es\/abogados-de-accidentes-automovilisticos-en-winter-haven\/#breadcrumb\"},\"inLanguage\":\"es\",\"potentialAction\":[{\"@type\":\"ReadAction\",\"target\":[\"https:\/\/howellthornhill.com\/es\/abogados-de-accidentes-automovilisticos-en-winter-haven\/\"]}]},{\"@type\":\"BreadcrumbList\",\"@id\":\"https:\/\/howellthornhill.com\/es\/abogados-de-accidentes-automovilisticos-en-winter-haven\/#breadcrumb\",\"itemListElement\":[{\"@type\":\"ListItem\",\"position\":1,\"name\":\"Home\",\"item\":\"https:\/\/howellthornhill.com\/es\/\"},{\"@type\":\"ListItem\",\"position\":2,\"name\":\"Abogados de accidentes automovil\u00edsticos en Winter Haven\"}]},{\"@type\":\"WebSite\",\"@id\":\"https:\/\/howellthornhill.com\/es\/#website\",\"url\":\"https:\/\/howellthornhill.com\/es\/\",\"name\":\"Howell & Thornhill\",\"description\":\"Your Local Law Experts\",\"publisher\":{\"@id\":\"https:\/\/howellthornhill.com\/es\/#organization\"},\"potentialAction\":[{\"@type\":\"SearchAction\",\"target\":{\"@type\":\"EntryPoint\",\"urlTemplate\":\"https:\/\/howellthornhill.com\/es\/?s={search_term_string}\"},\"query-input\":{\"@type\":\"PropertyValueSpecification\",\"valueRequired\":true,\"valueName\":\"search_term_string\"}}],\"inLanguage\":\"es\"},{\"@type\":\"Organization\",\"@id\":\"https:\/\/howellthornhill.com\/es\/#organization\",\"name\":\"Howell & Thornhill\",\"url\":\"https:\/\/howellthornhill.com\/es\/\",\"logo\":{\"@type\":\"ImageObject\",\"inLanguage\":\"es\",\"@id\":\"https:\/\/howellthornhill.com\/es\/#\/schema\/logo\/image\/\",\"url\":\"https:\/\/howellthornhill.com\/wp-content\/uploads\/2024\/02\/ht-color-e1711408919946.png\",\"contentUrl\":\"https:\/\/howellthornhill.com\/wp-content\/uploads\/2024\/02\/ht-color-e1711408919946.png\",\"width\":10204,\"height\":3939,\"caption\":\"Howell & Thornhill\"},\"image\":{\"@id\":\"https:\/\/howellthornhill.com\/es\/#\/schema\/logo\/image\/\"}}]}<\/script>\n<!-- \/ Yoast SEO plugin. -->","yoast_head_json":{"title":"Abogados de accidentes automovil\u00edsticos en Winter Haven | Abogados de accidentes automovil\u00edsticos cerca de m\u00ed en Winter Haven, FL | Bufete de abogados para demandas por lesiones por accidentes automovil\u00edsticos en Winter Haven, Florida","description":"Comun\u00edquese hoy con los abogados de accidentes automovil\u00edsticos de Winter Haven, FL en Howell & Thornhill para programar una consulta gratuita.","robots":{"index":"index","follow":"follow","max-snippet":"max-snippet:-1","max-image-preview":"max-image-preview:large","max-video-preview":"max-video-preview:-1"},"canonical":"https:\/\/howellthornhill.com\/es\/abogados-de-accidentes-automovilisticos-en-winter-haven\/","og_locale":"es_ES","og_type":"article","og_title":"Abogados de accidentes automovil\u00edsticos en Winter Haven | Abogados de accidentes automovil\u00edsticos cerca de m\u00ed en Winter Haven, FL | Bufete de abogados para demandas por lesiones por accidentes automovil\u00edsticos en Winter Haven, Florida","og_description":"Comun\u00edquese hoy con los abogados de accidentes automovil\u00edsticos de Winter Haven, FL en Howell & Thornhill para programar una consulta gratuita.","og_url":"https:\/\/howellthornhill.com\/es\/abogados-de-accidentes-automovilisticos-en-winter-haven\/","og_site_name":"Howell &amp; Thornhill","article_modified_time":"2024-06-20T21:17:31+00:00","og_image":[{"width":800,"height":309,"url":"https:\/\/howellthornhill.com\/wp-content\/uploads\/2024\/02\/ht-color-e1711408919946.png","type":"image\/png"}],"twitter_card":"summary_large_image","schema":{"@context":"https:\/\/schema.org","@graph":[{"@type":"WebPage","@id":"https:\/\/howellthornhill.com\/es\/abogados-de-accidentes-automovilisticos-en-winter-haven\/","url":"https:\/\/howellthornhill.com\/es\/abogados-de-accidentes-automovilisticos-en-winter-haven\/","name":"Abogados de accidentes automovil\u00edsticos en Winter Haven | Abogados de accidentes automovil\u00edsticos cerca de m\u00ed en Winter Haven, FL | Bufete de abogados para demandas por lesiones por accidentes automovil\u00edsticos en Winter Haven, Florida","isPartOf":{"@id":"https:\/\/howellthornhill.com\/es\/#website"},"datePublished":"2024-06-07T16:41:07+00:00","dateModified":"2024-06-20T21:17:31+00:00","description":"Comun\u00edquese hoy con los abogados de accidentes automovil\u00edsticos de Winter Haven, FL en Howell & Thornhill para programar una consulta gratuita.","breadcrumb":{"@id":"https:\/\/howellthornhill.com\/es\/abogados-de-accidentes-automovilisticos-en-winter-haven\/#breadcrumb"},"inLanguage":"es","potentialAction":[{"@type":"ReadAction","target":["https:\/\/howellthornhill.com\/es\/abogados-de-accidentes-automovilisticos-en-winter-haven\/"]}]},{"@type":"BreadcrumbList","@id":"https:\/\/howellthornhill.com\/es\/abogados-de-accidentes-automovilisticos-en-winter-haven\/#breadcrumb","itemListElement":[{"@type":"ListItem","position":1,"name":"Home","item":"https:\/\/howellthornhill.com\/es\/"},{"@type":"ListItem","position":2,"name":"Abogados de accidentes automovil\u00edsticos en Winter Haven"}]},{"@type":"WebSite","@id":"https:\/\/howellthornhill.com\/es\/#website","url":"https:\/\/howellthornhill.com\/es\/","name":"Howell & Thornhill","description":"Your Local Law Experts","publisher":{"@id":"https:\/\/howellthornhill.com\/es\/#organization"},"potentialAction":[{"@type":"SearchAction","target":{"@type":"EntryPoint","urlTemplate":"https:\/\/howellthornhill.com\/es\/?s={search_term_string}"},"query-input":{"@type":"PropertyValueSpecification","valueRequired":true,"valueName":"search_term_string"}}],"inLanguage":"es"},{"@type":"Organization","@id":"https:\/\/howellthornhill.com\/es\/#organization","name":"Howell & Thornhill","url":"https:\/\/howellthornhill.com\/es\/","logo":{"@type":"ImageObject","inLanguage":"es","@id":"https:\/\/howellthornhill.com\/es\/#\/schema\/logo\/image\/","url":"https:\/\/howellthornhill.com\/wp-content\/uploads\/2024\/02\/ht-color-e1711408919946.png","contentUrl":"https:\/\/howellthornhill.com\/wp-content\/uploads\/2024\/02\/ht-color-e1711408919946.png","width":10204,"height":3939,"caption":"Howell & Thornhill"},"image":{"@id":"https:\/\/howellthornhill.com\/es\/#\/schema\/logo\/image\/"}}]}},"_links":{"self":[{"href":"https:\/\/howellthornhill.com\/es\/wp-json\/wp\/v2\/pages\/5965","targetHints":{"allow":["GET"]}}],"collection":[{"href":"https:\/\/howellthornhill.com\/es\/wp-json\/wp\/v2\/pages"}],"about":[{"href":"https:\/\/howellthornhill.com\/es\/wp-json\/wp\/v2\/types\/page"}],"author":[{"embeddable":true,"href":"https:\/\/howellthornhill.com\/es\/wp-json\/wp\/v2\/users\/3"}],"replies":[{"embeddable":true,"href":"https:\/\/howellthornhill.com\/es\/wp-json\/wp\/v2\/comments?post=5965"}],"version-history":[{"count":0,"href":"https:\/\/howellthornhill.com\/es\/wp-json\/wp\/v2\/pages\/5965\/revisions"}],"wp:attachment":[{"href":"https:\/\/howellthornhill.com\/es\/wp-json\/wp\/v2\/media?parent=5965"}],"curies":[{"name":"wp","href":"https:\/\/api.w.org\/{rel}","templated":true}]}}