{"id":5742,"date":"2022-07-13T14:34:50","date_gmt":"2022-07-13T18:34:50","guid":{"rendered":"https:\/\/howellthornhill.com\/aviso-legal\/"},"modified":"2022-07-13T14:34:50","modified_gmt":"2022-07-13T18:34:50","slug":"aviso-legal","status":"publish","type":"page","link":"https:\/\/howellthornhill.com\/es\/aviso-legal\/","title":{"rendered":"Aviso Legal"},"content":{"rendered":"<h3>T\u00e9rminos y pol\u00edtica de privacidad de la informaci\u00f3n de contacto enviada y las preguntas<\/h3>\n<p>No hay tarifa ni costo por el env\u00edo de informaci\u00f3n o preguntas. El usuario de Internet acepta que el env\u00edo de cualquier informaci\u00f3n o pregunta no constituye una solicitud de asesoramiento legal y no forma una relaci\u00f3n abogado-cliente. El usuario de Internet entiende que una persona s\u00f3lo puede contratar a un abogado mediante la celebraci\u00f3n de un acuerdo de honorarios. El usuario de Internet acepta que no celebra ning\u00fan acuerdo gratuito al enviar informaci\u00f3n o preguntas. Cualquier respuesta de Howell &amp; Thornhill, P.A., es \u00fanicamente informativa y no pretende ser asesoramiento legal. El contenido del <a href=\"https:\/\/howellthornhill.com\/es\/\">sitio web<\/a> es \u00fanicamente informativo y no pretende ser asesoramiento legal. Howell &amp; Thornhill, P.A., se complace en reunirse con los clientes cara a cara para brindarles asesoramiento legal y establecer un privilegio de abogado-cliente. Ll\u00e1menos al 863-293-3166.<\/p>\n","protected":false},"excerpt":{"rendered":"<p>T\u00e9rminos y pol\u00edtica de privacidad de la informaci\u00f3n de contacto enviada y las preguntas No hay tarifa ni costo por el env\u00edo de informaci\u00f3n o preguntas. El usuario de Internet acepta que el env\u00edo de cualquier informaci\u00f3n o pregunta no constituye una solicitud de asesoramiento legal y no forma una relaci\u00f3n abogado-cliente. El usuario de&#8230;<\/p>\n","protected":false},"author":10,"featured_media":0,"parent":0,"menu_order":0,"comment_status":"open","ping_status":"open","template":"","meta":{"_acf_changed":false,"footnotes":""},"class_list":["post-5742","page","type-page","status-publish","hentry"],"acf":[],"yoast_head":"<!-- This site is optimized with the Yoast SEO plugin v27.3 - https:\/\/yoast.com\/product\/yoast-seo-wordpress\/ -->\n<title>Aviso Legal - Howell &amp; Thornhill<\/title>\n<meta name=\"description\" content=\"El contenido del sitio web es \u00fanicamente informativo y no pretende ser asesoramiento legal. Howell &amp; Thornhill, P.A., se complace en reunirse con los clientes cara a cara para brindarles asesoramiento legal y establecer un privilegio de abogado-cliente. Ll\u00e1menos al 863-293-3166.\" \/>\n<meta name=\"robots\" content=\"noindex, follow\" \/>\n<meta property=\"og:locale\" content=\"es_ES\" \/>\n<meta property=\"og:type\" content=\"article\" \/>\n<meta property=\"og:title\" content=\"Aviso Legal - Howell &amp; Thornhill\" \/>\n<meta property=\"og:description\" content=\"El contenido del sitio web es \u00fanicamente informativo y no pretende ser asesoramiento legal. Howell &amp; Thornhill, P.A., se complace en reunirse con los clientes cara a cara para brindarles asesoramiento legal y establecer un privilegio de abogado-cliente. Ll\u00e1menos al 863-293-3166.\" \/>\n<meta property=\"og:url\" content=\"https:\/\/howellthornhill.com\/es\/aviso-legal\/\" \/>\n<meta property=\"og:site_name\" content=\"Howell &amp; Thornhill\" \/>\n<meta property=\"og:image\" content=\"https:\/\/howellthornhill.com\/wp-content\/uploads\/2024\/02\/ht-color-e1711408919946.png\" \/>\n\t<meta property=\"og:image:width\" content=\"800\" \/>\n\t<meta property=\"og:image:height\" content=\"309\" \/>\n\t<meta property=\"og:image:type\" content=\"image\/png\" \/>\n<meta name=\"twitter:card\" content=\"summary_large_image\" \/>\n<meta name=\"twitter:label1\" content=\"Tiempo de lectura\" \/>\n\t<meta name=\"twitter:data1\" content=\"1 minuto\" \/>\n<script type=\"application\/ld+json\" class=\"yoast-schema-graph\">{\"@context\":\"https:\\\/\\\/schema.org\",\"@graph\":[{\"@type\":\"WebPage\",\"@id\":\"https:\\\/\\\/howellthornhill.com\\\/es\\\/aviso-legal\\\/\",\"url\":\"https:\\\/\\\/howellthornhill.com\\\/es\\\/aviso-legal\\\/\",\"name\":\"Aviso Legal - Howell &amp; Thornhill\",\"isPartOf\":{\"@id\":\"https:\\\/\\\/howellthornhill.com\\\/es\\\/#website\"},\"datePublished\":\"2022-07-13T18:34:50+00:00\",\"description\":\"El contenido del sitio web es \u00fanicamente informativo y no pretende ser asesoramiento legal. Howell & Thornhill, P.A., se complace en reunirse con los clientes cara a cara para brindarles asesoramiento legal y establecer un privilegio de abogado-cliente. Ll\u00e1menos al 863-293-3166.\",\"breadcrumb\":{\"@id\":\"https:\\\/\\\/howellthornhill.com\\\/es\\\/aviso-legal\\\/#breadcrumb\"},\"inLanguage\":\"es\",\"potentialAction\":[{\"@type\":\"ReadAction\",\"target\":[\"https:\\\/\\\/howellthornhill.com\\\/es\\\/aviso-legal\\\/\"]}]},{\"@type\":\"BreadcrumbList\",\"@id\":\"https:\\\/\\\/howellthornhill.com\\\/es\\\/aviso-legal\\\/#breadcrumb\",\"itemListElement\":[{\"@type\":\"ListItem\",\"position\":1,\"name\":\"Home\",\"item\":\"https:\\\/\\\/howellthornhill.com\\\/es\\\/\"},{\"@type\":\"ListItem\",\"position\":2,\"name\":\"Aviso Legal\"}]},{\"@type\":\"WebSite\",\"@id\":\"https:\\\/\\\/howellthornhill.com\\\/es\\\/#website\",\"url\":\"https:\\\/\\\/howellthornhill.com\\\/es\\\/\",\"name\":\"Howell & Thornhill\",\"description\":\"Your Local Law Experts\",\"publisher\":{\"@id\":\"https:\\\/\\\/howellthornhill.com\\\/es\\\/#organization\"},\"potentialAction\":[{\"@type\":\"SearchAction\",\"target\":{\"@type\":\"EntryPoint\",\"urlTemplate\":\"https:\\\/\\\/howellthornhill.com\\\/es\\\/?s={search_term_string}\"},\"query-input\":{\"@type\":\"PropertyValueSpecification\",\"valueRequired\":true,\"valueName\":\"search_term_string\"}}],\"inLanguage\":\"es\"},{\"@type\":\"Organization\",\"@id\":\"https:\\\/\\\/howellthornhill.com\\\/es\\\/#organization\",\"name\":\"Howell & Thornhill\",\"url\":\"https:\\\/\\\/howellthornhill.com\\\/es\\\/\",\"logo\":{\"@type\":\"ImageObject\",\"inLanguage\":\"es\",\"@id\":\"https:\\\/\\\/howellthornhill.com\\\/es\\\/#\\\/schema\\\/logo\\\/image\\\/\",\"url\":\"https:\\\/\\\/howellthornhill.com\\\/wp-content\\\/uploads\\\/2024\\\/02\\\/ht-color-e1711408919946.png\",\"contentUrl\":\"https:\\\/\\\/howellthornhill.com\\\/wp-content\\\/uploads\\\/2024\\\/02\\\/ht-color-e1711408919946.png\",\"width\":10204,\"height\":3939,\"caption\":\"Howell & Thornhill\"},\"image\":{\"@id\":\"https:\\\/\\\/howellthornhill.com\\\/es\\\/#\\\/schema\\\/logo\\\/image\\\/\"}}]}<\/script>\n<!-- \/ Yoast SEO plugin. -->","yoast_head_json":{"title":"Aviso Legal - Howell &amp; Thornhill","description":"El contenido del sitio web es \u00fanicamente informativo y no pretende ser asesoramiento legal. Howell & Thornhill, P.A., se complace en reunirse con los clientes cara a cara para brindarles asesoramiento legal y establecer un privilegio de abogado-cliente. Ll\u00e1menos al 863-293-3166.","robots":{"index":"noindex","follow":"follow"},"og_locale":"es_ES","og_type":"article","og_title":"Aviso Legal - Howell &amp; Thornhill","og_description":"El contenido del sitio web es \u00fanicamente informativo y no pretende ser asesoramiento legal. Howell & Thornhill, P.A., se complace en reunirse con los clientes cara a cara para brindarles asesoramiento legal y establecer un privilegio de abogado-cliente. Ll\u00e1menos al 863-293-3166.","og_url":"https:\/\/howellthornhill.com\/es\/aviso-legal\/","og_site_name":"Howell &amp; Thornhill","og_image":[{"width":800,"height":309,"url":"https:\/\/howellthornhill.com\/wp-content\/uploads\/2024\/02\/ht-color-e1711408919946.png","type":"image\/png"}],"twitter_card":"summary_large_image","twitter_misc":{"Tiempo de lectura":"1 minuto"},"schema":{"@context":"https:\/\/schema.org","@graph":[{"@type":"WebPage","@id":"https:\/\/howellthornhill.com\/es\/aviso-legal\/","url":"https:\/\/howellthornhill.com\/es\/aviso-legal\/","name":"Aviso Legal - Howell &amp; Thornhill","isPartOf":{"@id":"https:\/\/howellthornhill.com\/es\/#website"},"datePublished":"2022-07-13T18:34:50+00:00","description":"El contenido del sitio web es \u00fanicamente informativo y no pretende ser asesoramiento legal. Howell & Thornhill, P.A., se complace en reunirse con los clientes cara a cara para brindarles asesoramiento legal y establecer un privilegio de abogado-cliente. Ll\u00e1menos al 863-293-3166.","breadcrumb":{"@id":"https:\/\/howellthornhill.com\/es\/aviso-legal\/#breadcrumb"},"inLanguage":"es","potentialAction":[{"@type":"ReadAction","target":["https:\/\/howellthornhill.com\/es\/aviso-legal\/"]}]},{"@type":"BreadcrumbList","@id":"https:\/\/howellthornhill.com\/es\/aviso-legal\/#breadcrumb","itemListElement":[{"@type":"ListItem","position":1,"name":"Home","item":"https:\/\/howellthornhill.com\/es\/"},{"@type":"ListItem","position":2,"name":"Aviso Legal"}]},{"@type":"WebSite","@id":"https:\/\/howellthornhill.com\/es\/#website","url":"https:\/\/howellthornhill.com\/es\/","name":"Howell & Thornhill","description":"Your Local Law Experts","publisher":{"@id":"https:\/\/howellthornhill.com\/es\/#organization"},"potentialAction":[{"@type":"SearchAction","target":{"@type":"EntryPoint","urlTemplate":"https:\/\/howellthornhill.com\/es\/?s={search_term_string}"},"query-input":{"@type":"PropertyValueSpecification","valueRequired":true,"valueName":"search_term_string"}}],"inLanguage":"es"},{"@type":"Organization","@id":"https:\/\/howellthornhill.com\/es\/#organization","name":"Howell & Thornhill","url":"https:\/\/howellthornhill.com\/es\/","logo":{"@type":"ImageObject","inLanguage":"es","@id":"https:\/\/howellthornhill.com\/es\/#\/schema\/logo\/image\/","url":"https:\/\/howellthornhill.com\/wp-content\/uploads\/2024\/02\/ht-color-e1711408919946.png","contentUrl":"https:\/\/howellthornhill.com\/wp-content\/uploads\/2024\/02\/ht-color-e1711408919946.png","width":10204,"height":3939,"caption":"Howell & Thornhill"},"image":{"@id":"https:\/\/howellthornhill.com\/es\/#\/schema\/logo\/image\/"}}]}},"_links":{"self":[{"href":"https:\/\/howellthornhill.com\/es\/wp-json\/wp\/v2\/pages\/5742","targetHints":{"allow":["GET"]}}],"collection":[{"href":"https:\/\/howellthornhill.com\/es\/wp-json\/wp\/v2\/pages"}],"about":[{"href":"https:\/\/howellthornhill.com\/es\/wp-json\/wp\/v2\/types\/page"}],"author":[{"embeddable":true,"href":"https:\/\/howellthornhill.com\/es\/wp-json\/wp\/v2\/users\/10"}],"replies":[{"embeddable":true,"href":"https:\/\/howellthornhill.com\/es\/wp-json\/wp\/v2\/comments?post=5742"}],"version-history":[{"count":0,"href":"https:\/\/howellthornhill.com\/es\/wp-json\/wp\/v2\/pages\/5742\/revisions"}],"wp:attachment":[{"href":"https:\/\/howellthornhill.com\/es\/wp-json\/wp\/v2\/media?parent=5742"}],"curies":[{"name":"wp","href":"https:\/\/api.w.org\/{rel}","templated":true}]}}