{"id":5633,"date":"2020-11-18T16:41:34","date_gmt":"2020-11-18T20:41:34","guid":{"rendered":"https:\/\/howell-jem.local\/contactanos\/"},"modified":"2024-04-12T16:11:15","modified_gmt":"2024-04-12T20:11:15","slug":"contactanos","status":"publish","type":"page","link":"https:\/\/howellthornhill.com\/es\/contactanos\/","title":{"rendered":"Contactanos"},"content":{"rendered":"<h2>Descubra sus derechos de forma <b>GRATUITA<\/b><\/h2>\n<p><img decoding=\"async\" title=\"header-logo-2\" src=\"https:\/\/howellthornhill.com\/wp-content\/uploads\/2024\/02\/header-logo-2-pftqskr8x3w9qo2qirnsfzrcqvkpwtlepqxvurof6w.jpg\" alt=\"header-logo-2\" \/><\/p>\n<h6>Oficina Principal:<\/h6>\n<h1><a href=\"tel:8632933166\">863-293-3166<\/a><\/h1>\n<h6><a href=\"tel:8008467644\">800-846-7644(Toll Free)<\/a><\/h6>\n<h3>1350 Havendale Boulevard NW,<br \/>\nWinter Haven, Florida 33881<\/h3>\n<p><iframe title=\"1350 Havendale Boulevard Winter Haven, Florida 33881\" src=\"https:\/\/maps.google.com\/maps?q=1350%20Havendale%20Boulevard%20Winter%20Haven%2C%20Florida%2033881&amp;t=m&amp;z=11&amp;output=embed&amp;iwloc=near\" frameborder=\"0\" marginwidth=\"0\" marginheight=\"0\" scrolling=\"no\" aria-label=\"1350 Havendale Boulevard Winter Haven, Florida 33881\"><\/iframe><\/p>\n<h3 style=\"font-weight: bold; margin-bottom: 10px; font-size: 24px; line-height: 30px; margin-top: 20px; color: #003371; font-family: Arial, sans-serif; font-style: normal;\">Since 1975<\/h3>\n<p>El bufete de abogados Howell &amp; Thornhill, P.A., ha ayudado a personas que han sufrido por el descuido de otra persona. Howell &amp; Thornhill ofrece una consulta gratuita en nuestra oficina de<a href=\"https:\/\/howellandthorn.wpengine.com\/office-locations\/\">office<\/a>, su casa o en el hospital. Howell &amp; Thornhill ha manejado miles de demandas por lesiones personales y muerte por negligencia durante las \u00faltimas d\u00e9cadas.<\/p>\n<h3 style=\"font-weight: bold; margin-bottom: 10px; font-size: 24px; line-height: 30px; margin-top: 20px; color: #003371; font-family: Arial, sans-serif; font-style: normal;\">Abogados certificados con personal capacitado<\/h3>\n<p>Los abogados de Howell &amp; Thornhill se encuentra con sus clientes cara a cara. Antes de elegir una firma, pregunte si hablar\u00e1 personalmente con un abogado sobre sus inquietudes. Manejamos accidentes automovil\u00edsticos, demandas de seguros, muerte por negligencia, negligencia m\u00e9dica, demandas de productos y reclamos que involucran a ni\u00f1os.<a href=\"https:\/\/howellandthorn.wpengine.com\/our-lawyers\/\"> el equipo de Howell &amp; Thornhill<\/a> incluye especialistas en juicios, certificados por el Colegio de Abogados de Florida, una distinci\u00f3n que menos del 2% de los abogados de Florida tienen en el \u00e1rea de pr\u00e1ctica de juicios civiles.<\/p>\n<h3 style=\"font-weight: bold; margin-bottom: 10px; font-size: 24px; line-height: 30px; margin-top: 20px; color: #003371; font-family: Arial, sans-serif; font-style: normal;\">Proveemos servicios a Florida Central<\/h3>\n<p>Howell &amp; Thornhill sirve a Florida Central a lo largo del corredor I-4, tenemos 7 ubicaciones <a href=\"https:\/\/howellandthorn.wpengine.com\/office-locations\/\">offices<\/a> en Lakeland, Lake Wales, Haines City, Sebring, Zephyrhills y nuestra oficina principal en Winter Haven.<\/p>\n","protected":false},"excerpt":{"rendered":"<p>Descubra sus derechos de forma GRATUITA Oficina Principal: 863-293-3166 800-846-7644(Toll Free) 1350 Havendale Boulevard NW, Winter Haven, Florida 33881 Since 1975 El bufete de abogados Howell &amp; Thornhill, P.A., ha ayudado a personas que han sufrido por el descuido de otra persona. Howell &amp; Thornhill ofrece una consulta gratuita en nuestra oficina deoffice, su casa&#8230;<\/p>\n","protected":false},"author":10,"featured_media":4909,"parent":0,"menu_order":0,"comment_status":"open","ping_status":"open","template":"page-templates\/contact.php","meta":{"_acf_changed":false,"footnotes":""},"class_list":["post-5633","page","type-page","status-publish","has-post-thumbnail","hentry"],"acf":[],"yoast_head":"<!-- This site is optimized with the Yoast SEO plugin v27.2 - https:\/\/yoast.com\/product\/yoast-seo-wordpress\/ -->\n<title>Cont\u00e1ctenos - Programe una consulta gratuita | Howell &amp; Thornhill: su equipo local desde 1975: \u00a1Nosotros nos encargamos!<\/title>\n<meta name=\"description\" content=\"Comun\u00edquese con Howell &amp; Thornhill ahora para programar una consulta gratuita para revisar su caso en una de nuestras siete ubicaciones convenientes en la regi\u00f3n central de Florida.\" \/>\n<meta name=\"robots\" content=\"index, follow, max-snippet:-1, max-image-preview:large, max-video-preview:-1\" \/>\n<link rel=\"canonical\" href=\"https:\/\/howellthornhill.com\/es\/contactanos\/\" \/>\n<meta property=\"og:locale\" content=\"es_ES\" \/>\n<meta property=\"og:type\" content=\"article\" \/>\n<meta property=\"og:title\" content=\"Cont\u00e1ctenos - Programe una consulta gratuita | Howell &amp; Thornhill: su equipo local desde 1975: \u00a1Nosotros nos encargamos!\" \/>\n<meta property=\"og:description\" content=\"Comun\u00edquese con Howell &amp; Thornhill ahora para programar una consulta gratuita para revisar su caso en una de nuestras siete ubicaciones convenientes en la regi\u00f3n central de Florida.\" \/>\n<meta property=\"og:url\" content=\"https:\/\/howellthornhill.com\/es\/contactanos\/\" \/>\n<meta property=\"og:site_name\" content=\"Howell &amp; Thornhill\" \/>\n<meta property=\"article:modified_time\" content=\"2024-04-12T20:11:15+00:00\" \/>\n<meta property=\"og:image\" content=\"https:\/\/howellthornhill.com\/wp-content\/uploads\/2024\/02\/header-logo-2-pftqskr8x3w9qo2qirnsfzrcqvkpwtlepqxvurof6w.jpg\" \/>\n\t<meta property=\"og:image:width\" content=\"200\" \/>\n\t<meta property=\"og:image:height\" content=\"100\" \/>\n\t<meta property=\"og:image:type\" content=\"image\/jpeg\" \/>\n<meta name=\"twitter:card\" content=\"summary_large_image\" \/>\n<meta name=\"twitter:label1\" content=\"Tiempo de lectura\" \/>\n\t<meta name=\"twitter:data1\" content=\"2 minutos\" \/>\n<script type=\"application\/ld+json\" class=\"yoast-schema-graph\">{\"@context\":\"https:\/\/schema.org\",\"@graph\":[{\"@type\":\"WebPage\",\"@id\":\"https:\/\/howellthornhill.com\/es\/contactanos\/\",\"url\":\"https:\/\/howellthornhill.com\/es\/contactanos\/\",\"name\":\"Cont\u00e1ctenos - Programe una consulta gratuita | Howell & Thornhill: su equipo local desde 1975: \u00a1Nosotros nos encargamos!\",\"isPartOf\":{\"@id\":\"https:\/\/howellthornhill.com\/es\/#website\"},\"primaryImageOfPage\":{\"@id\":\"https:\/\/howellthornhill.com\/es\/contactanos\/#primaryimage\"},\"image\":{\"@id\":\"https:\/\/howellthornhill.com\/es\/contactanos\/#primaryimage\"},\"thumbnailUrl\":\"https:\/\/howellthornhill.com\/wp-content\/uploads\/2024\/02\/header-logo-2-pftqskr8x3w9qo2qirnsfzrcqvkpwtlepqxvurof6w.jpg\",\"datePublished\":\"2020-11-18T20:41:34+00:00\",\"dateModified\":\"2024-04-12T20:11:15+00:00\",\"description\":\"Comun\u00edquese con Howell & Thornhill ahora para programar una consulta gratuita para revisar su caso en una de nuestras siete ubicaciones convenientes en la regi\u00f3n central de Florida.\",\"breadcrumb\":{\"@id\":\"https:\/\/howellthornhill.com\/es\/contactanos\/#breadcrumb\"},\"inLanguage\":\"es\",\"potentialAction\":[{\"@type\":\"ReadAction\",\"target\":[\"https:\/\/howellthornhill.com\/es\/contactanos\/\"]}]},{\"@type\":\"ImageObject\",\"inLanguage\":\"es\",\"@id\":\"https:\/\/howellthornhill.com\/es\/contactanos\/#primaryimage\",\"url\":\"https:\/\/howellthornhill.com\/wp-content\/uploads\/2024\/02\/header-logo-2-pftqskr8x3w9qo2qirnsfzrcqvkpwtlepqxvurof6w.jpg\",\"contentUrl\":\"https:\/\/howellthornhill.com\/wp-content\/uploads\/2024\/02\/header-logo-2-pftqskr8x3w9qo2qirnsfzrcqvkpwtlepqxvurof6w.jpg\",\"width\":200,\"height\":100},{\"@type\":\"BreadcrumbList\",\"@id\":\"https:\/\/howellthornhill.com\/es\/contactanos\/#breadcrumb\",\"itemListElement\":[{\"@type\":\"ListItem\",\"position\":1,\"name\":\"Home\",\"item\":\"https:\/\/howellthornhill.com\/es\/\"},{\"@type\":\"ListItem\",\"position\":2,\"name\":\"Contactanos\"}]},{\"@type\":\"WebSite\",\"@id\":\"https:\/\/howellthornhill.com\/es\/#website\",\"url\":\"https:\/\/howellthornhill.com\/es\/\",\"name\":\"Howell & Thornhill\",\"description\":\"Your Local Law Experts\",\"publisher\":{\"@id\":\"https:\/\/howellthornhill.com\/es\/#organization\"},\"potentialAction\":[{\"@type\":\"SearchAction\",\"target\":{\"@type\":\"EntryPoint\",\"urlTemplate\":\"https:\/\/howellthornhill.com\/es\/?s={search_term_string}\"},\"query-input\":{\"@type\":\"PropertyValueSpecification\",\"valueRequired\":true,\"valueName\":\"search_term_string\"}}],\"inLanguage\":\"es\"},{\"@type\":\"Organization\",\"@id\":\"https:\/\/howellthornhill.com\/es\/#organization\",\"name\":\"Howell & Thornhill\",\"url\":\"https:\/\/howellthornhill.com\/es\/\",\"logo\":{\"@type\":\"ImageObject\",\"inLanguage\":\"es\",\"@id\":\"https:\/\/howellthornhill.com\/es\/#\/schema\/logo\/image\/\",\"url\":\"https:\/\/howellthornhill.com\/wp-content\/uploads\/2024\/02\/ht-color-e1711408919946.png\",\"contentUrl\":\"https:\/\/howellthornhill.com\/wp-content\/uploads\/2024\/02\/ht-color-e1711408919946.png\",\"width\":10204,\"height\":3939,\"caption\":\"Howell & Thornhill\"},\"image\":{\"@id\":\"https:\/\/howellthornhill.com\/es\/#\/schema\/logo\/image\/\"}}]}<\/script>\n<!-- \/ Yoast SEO plugin. -->","yoast_head_json":{"title":"Cont\u00e1ctenos - Programe una consulta gratuita | Howell & Thornhill: su equipo local desde 1975: \u00a1Nosotros nos encargamos!","description":"Comun\u00edquese con Howell & Thornhill ahora para programar una consulta gratuita para revisar su caso en una de nuestras siete ubicaciones convenientes en la regi\u00f3n central de Florida.","robots":{"index":"index","follow":"follow","max-snippet":"max-snippet:-1","max-image-preview":"max-image-preview:large","max-video-preview":"max-video-preview:-1"},"canonical":"https:\/\/howellthornhill.com\/es\/contactanos\/","og_locale":"es_ES","og_type":"article","og_title":"Cont\u00e1ctenos - Programe una consulta gratuita | Howell & Thornhill: su equipo local desde 1975: \u00a1Nosotros nos encargamos!","og_description":"Comun\u00edquese con Howell & Thornhill ahora para programar una consulta gratuita para revisar su caso en una de nuestras siete ubicaciones convenientes en la regi\u00f3n central de Florida.","og_url":"https:\/\/howellthornhill.com\/es\/contactanos\/","og_site_name":"Howell &amp; Thornhill","article_modified_time":"2024-04-12T20:11:15+00:00","og_image":[{"width":200,"height":100,"url":"https:\/\/howellthornhill.com\/wp-content\/uploads\/2024\/02\/header-logo-2-pftqskr8x3w9qo2qirnsfzrcqvkpwtlepqxvurof6w.jpg","type":"image\/jpeg"}],"twitter_card":"summary_large_image","twitter_misc":{"Tiempo de lectura":"2 minutos"},"schema":{"@context":"https:\/\/schema.org","@graph":[{"@type":"WebPage","@id":"https:\/\/howellthornhill.com\/es\/contactanos\/","url":"https:\/\/howellthornhill.com\/es\/contactanos\/","name":"Cont\u00e1ctenos - Programe una consulta gratuita | Howell & Thornhill: su equipo local desde 1975: \u00a1Nosotros nos encargamos!","isPartOf":{"@id":"https:\/\/howellthornhill.com\/es\/#website"},"primaryImageOfPage":{"@id":"https:\/\/howellthornhill.com\/es\/contactanos\/#primaryimage"},"image":{"@id":"https:\/\/howellthornhill.com\/es\/contactanos\/#primaryimage"},"thumbnailUrl":"https:\/\/howellthornhill.com\/wp-content\/uploads\/2024\/02\/header-logo-2-pftqskr8x3w9qo2qirnsfzrcqvkpwtlepqxvurof6w.jpg","datePublished":"2020-11-18T20:41:34+00:00","dateModified":"2024-04-12T20:11:15+00:00","description":"Comun\u00edquese con Howell & Thornhill ahora para programar una consulta gratuita para revisar su caso en una de nuestras siete ubicaciones convenientes en la regi\u00f3n central de Florida.","breadcrumb":{"@id":"https:\/\/howellthornhill.com\/es\/contactanos\/#breadcrumb"},"inLanguage":"es","potentialAction":[{"@type":"ReadAction","target":["https:\/\/howellthornhill.com\/es\/contactanos\/"]}]},{"@type":"ImageObject","inLanguage":"es","@id":"https:\/\/howellthornhill.com\/es\/contactanos\/#primaryimage","url":"https:\/\/howellthornhill.com\/wp-content\/uploads\/2024\/02\/header-logo-2-pftqskr8x3w9qo2qirnsfzrcqvkpwtlepqxvurof6w.jpg","contentUrl":"https:\/\/howellthornhill.com\/wp-content\/uploads\/2024\/02\/header-logo-2-pftqskr8x3w9qo2qirnsfzrcqvkpwtlepqxvurof6w.jpg","width":200,"height":100},{"@type":"BreadcrumbList","@id":"https:\/\/howellthornhill.com\/es\/contactanos\/#breadcrumb","itemListElement":[{"@type":"ListItem","position":1,"name":"Home","item":"https:\/\/howellthornhill.com\/es\/"},{"@type":"ListItem","position":2,"name":"Contactanos"}]},{"@type":"WebSite","@id":"https:\/\/howellthornhill.com\/es\/#website","url":"https:\/\/howellthornhill.com\/es\/","name":"Howell & Thornhill","description":"Your Local Law Experts","publisher":{"@id":"https:\/\/howellthornhill.com\/es\/#organization"},"potentialAction":[{"@type":"SearchAction","target":{"@type":"EntryPoint","urlTemplate":"https:\/\/howellthornhill.com\/es\/?s={search_term_string}"},"query-input":{"@type":"PropertyValueSpecification","valueRequired":true,"valueName":"search_term_string"}}],"inLanguage":"es"},{"@type":"Organization","@id":"https:\/\/howellthornhill.com\/es\/#organization","name":"Howell & Thornhill","url":"https:\/\/howellthornhill.com\/es\/","logo":{"@type":"ImageObject","inLanguage":"es","@id":"https:\/\/howellthornhill.com\/es\/#\/schema\/logo\/image\/","url":"https:\/\/howellthornhill.com\/wp-content\/uploads\/2024\/02\/ht-color-e1711408919946.png","contentUrl":"https:\/\/howellthornhill.com\/wp-content\/uploads\/2024\/02\/ht-color-e1711408919946.png","width":10204,"height":3939,"caption":"Howell & Thornhill"},"image":{"@id":"https:\/\/howellthornhill.com\/es\/#\/schema\/logo\/image\/"}}]}},"_links":{"self":[{"href":"https:\/\/howellthornhill.com\/es\/wp-json\/wp\/v2\/pages\/5633","targetHints":{"allow":["GET"]}}],"collection":[{"href":"https:\/\/howellthornhill.com\/es\/wp-json\/wp\/v2\/pages"}],"about":[{"href":"https:\/\/howellthornhill.com\/es\/wp-json\/wp\/v2\/types\/page"}],"author":[{"embeddable":true,"href":"https:\/\/howellthornhill.com\/es\/wp-json\/wp\/v2\/users\/10"}],"replies":[{"embeddable":true,"href":"https:\/\/howellthornhill.com\/es\/wp-json\/wp\/v2\/comments?post=5633"}],"version-history":[{"count":0,"href":"https:\/\/howellthornhill.com\/es\/wp-json\/wp\/v2\/pages\/5633\/revisions"}],"wp:featuredmedia":[{"embeddable":true,"href":"https:\/\/howellthornhill.com\/es\/wp-json\/wp\/v2\/media\/4909"}],"wp:attachment":[{"href":"https:\/\/howellthornhill.com\/es\/wp-json\/wp\/v2\/media?parent=5633"}],"curies":[{"name":"wp","href":"https:\/\/api.w.org\/{rel}","templated":true}]}}